{"id":11,"date":"2025-05-20T18:54:18","date_gmt":"2025-05-20T16:54:18","guid":{"rendered":"http:\/\/beta.birgit-kretzschmar.de\/?page_id=11"},"modified":"2026-04-01T11:18:49","modified_gmt":"2026-04-01T09:18:49","slug":"tiefenpsychologie","status":"publish","type":"page","link":"https:\/\/birgit-kretzschmar.de\/?page_id=11","title":{"rendered":"Paartherapie"},"content":{"rendered":"\n<h1 class=\"wp-block-heading\">Paartherapie<\/h1>\n\n\n\n<p>Zur Begleitung von Paaren in ihrer spezifischen Liebes- und Konfliktdynamik brauchen Therapeuten eine kreative, paarspezifische Methode.<\/p>\n\n\n\n<p>Die Paartherapie\/Paarsynthese f\u00fcr die Liebe\u2018 verbindet Krisenarbeit, Konfliktl\u00f6sung der Streitenden mit intensiver Dialogarbeit und bewusster Sinnsuche der Paare. Das paartherapeutische Verfahren der Paarsynthese steht mit seinem ganzheitlichen, dialogzentrierten und erfahrungsorientierten Ansatz in der Tradition der Gestalttherapie.<br>Im Zentrum der Paarsynthese von M. C\u00f6llen steht das Verst\u00e4ndnis von Intimit\u00e4t. Das intime Geschehen zwischen Partnern an der Grenze zwischen \u201esich \u00f6ffnen und sich sch\u00fctzen\u201c wird in der Paardynamik sichtbar und erlebbar. Inwieweit Intimit\u00e4t zwischen Paaren gelebt wird, ist abh\u00e4ngig von Erfahrungen, die in der fr\u00fchkindlichen Entwicklung mit den jeweiligen Bezugspersonen gemacht wurden. Die Gestaltung dieses intimen Raumes in der Dyade des Paares und der Triade mit den Therapeuten bietet die Chance, Blockierungen, Verletzungen und Verstrickungen aufzul\u00f6sen, sowie Wege zur Weiterentwicklung und Festigung der Partnerschaft aufzuzeigen.<br>Ausgehend von ph\u00e4nomenologischen Zugangswegen zum Verst\u00e4ndnis des Paares basiert das methodische Vorgehen der Paarsynthese auf einer Erweiterung und Vertiefung der Dialogkompetenz der Partner, der Bearbeitung biografischer Altlasten in ihrer paardynamischen Verstrickung, sowie der ressourcenorientierten und spirituellen Orientierung eines Konzeptes von Sinn und Sinnlichkeit. (vgl. R\u00f6ser, B.u.U. 2012, Die Kraft des Verzeihens).<\/p>\n","protected":false},"excerpt":{"rendered":"<p>Paartherapie Zur Begleitung von Paaren in ihrer spezifischen Liebes- und Konfliktdynamik brauchen Therapeuten eine kreative, paarspezifische Methode. Die Paartherapie\/Paarsynthese f\u00fcr die Liebe\u2018 verbindet Krisenarbeit, Konfliktl\u00f6sung der Streitenden mit intensiver Dialogarbeit und bewusster Sinnsuche der Paare. Das paartherapeutische Verfahren der Paarsynthese steht mit seinem ganzheitlichen, dialogzentrierten und erfahrungsorientierten Ansatz in der Tradition der Gestalttherapie.Im Zentrum der [&hellip;]<\/p>\n","protected":false},"author":1,"featured_media":0,"parent":0,"menu_order":2,"comment_status":"closed","ping_status":"closed","template":"","meta":{"footnotes":""},"class_list":["post-11","page","type-page","status-publish","hentry"],"_links":{"self":[{"href":"https:\/\/birgit-kretzschmar.de\/index.php?rest_route=\/wp\/v2\/pages\/11","targetHints":{"allow":["GET"]}}],"collection":[{"href":"https:\/\/birgit-kretzschmar.de\/index.php?rest_route=\/wp\/v2\/pages"}],"about":[{"href":"https:\/\/birgit-kretzschmar.de\/index.php?rest_route=\/wp\/v2\/types\/page"}],"author":[{"embeddable":true,"href":"https:\/\/birgit-kretzschmar.de\/index.php?rest_route=\/wp\/v2\/users\/1"}],"replies":[{"embeddable":true,"href":"https:\/\/birgit-kretzschmar.de\/index.php?rest_route=%2Fwp%2Fv2%2Fcomments&post=11"}],"version-history":[{"count":3,"href":"https:\/\/birgit-kretzschmar.de\/index.php?rest_route=\/wp\/v2\/pages\/11\/revisions"}],"predecessor-version":[{"id":173,"href":"https:\/\/birgit-kretzschmar.de\/index.php?rest_route=\/wp\/v2\/pages\/11\/revisions\/173"}],"wp:attachment":[{"href":"https:\/\/birgit-kretzschmar.de\/index.php?rest_route=%2Fwp%2Fv2%2Fmedia&parent=11"}],"curies":[{"name":"wp","href":"https:\/\/api.w.org\/{rel}","templated":true}]}}