{"id":19,"date":"2025-05-20T18:55:18","date_gmt":"2025-05-20T16:55:18","guid":{"rendered":"http:\/\/beta.birgit-kretzschmar.de\/?page_id=19"},"modified":"2026-04-01T11:23:19","modified_gmt":"2026-04-01T09:23:19","slug":"coaching","status":"publish","type":"page","link":"http:\/\/birgit-kretzschmar.de\/?page_id=19","title":{"rendered":"Termine"},"content":{"rendered":"\n<h1 class=\"wp-block-heading\">Termine<\/h1>\n\n\n\n<p><strong>Identit\u00e4tsorientierte Psycho-Traumatherapie IoPT Selbstbegegnungen mit der Anliegenmethode am<\/strong><\/p>\n\n\n\n<h1 class=\"wp-block-heading\"><strong>Samstag, den 31.08.24<\/strong>&nbsp;von 11.00 -17.00 Uhr (<strong>Offene Gruppe)<\/strong><\/h1>\n\n\n\n<h1 class=\"wp-block-heading\">0rt: Psychotherapeutische Praxis, Nussbaumstr. 5, 65187 Wiesbaden<\/h1>\n\n\n\n<p>Die Gruppe bietet f\u00fcr drei bis vier Personen die M\u00f6glichkeit einer Selbstbegegnung\/ Aufstellung zu einer bestimmten Frage, einem Anliegen. Die anderen TeilnehmerInnen stellen sich als ResonanzgeberInnen zur Verf\u00fcgung oder bleiben BeobachterInnen. Die Anliegenmethode orientiert sich an der Identit\u00e4tsorientierten Psychotraumatheorie und \u2013 therapie nach Prof. Dr. Franz Ruppert\/IoPT und Erkenntnissen aus der Bindungs- und Trauma- Forschung und der Forschung rund um Schwangerschaft und Geburt. Die Begegnung mit sich selbst, mit dem eigenen Ich, wird \u00fcber die Arbeit mit dem Anliegensatz erlebt und gef\u00f6rdert. Mit der Formulierung eines eigenen Anliegensatzes bestimmt die aufstellende Person selbst den Rahmen und wie weit die Arbeit gehen kann. Der Anliegensatz kann eine Frage, ein Wunsch, ein Ziel etc. sein und bahnt Wege zu Erkenntnissen und psychischen Ver\u00e4nderungen. Er wird erkundet, d.h. in dem einzelne Resonanzgeber*innen f\u00fcr die einzelnen Worte stehen und in Resonanz gehen. Die eigenen inneren Strukturen, Blockaden, Verstrickungen, innere Spaltungen und \u00dcberlebensstrategien k\u00f6nnen sichtbar werden und m\u00f6gliche Ver\u00e4nderungsschritte sich auftun. Meiner Erfahrung nach haben alle TeilnehmerInnen bei dieser Arbeit einen Nutzen. Die aufstellende Person vertraut sich der Gemeinschaft an. Sie gew\u00e4hrt Einblick in ihre psychischen Strukturen und Probleme, sucht mit Hilfe der Stellvertreter nach Informationen und Erkenntnissen. Die Resonanzgeber*Innen erhalten Einblick in komplexe Strukturen und kommen oft selbst mit eigenen wesentlichen Themen in Verbindung.<\/p>\n\n\n\n<p>Kosten: Eigene Aufstellung 100,\u2013 Euro, StellvertreterInnen und BeobachterInnen 20,<\/p>\n\n\n\n<p><strong>Weitere Termine : 26.10.24 und 30.11.24<\/strong><\/p>\n\n\n\n<p><strong>Identit\u00e4tsorientierte Psycho-Traumatherapie IoPT Selbstbegegnungen mit der Anliegenmethode als<\/strong><\/p>\n\n\n\n<h1 class=\"wp-block-heading\">Geschlossene Gruppe ab September 2024<\/h1>\n\n\n\n<p>Von Anfang an brauchen wir ein Willkommen, wohlwollende Blicke, ein klares Gegen\u00fcber das uns bewu\u00dft wahrnehmen und f\u00fchlen kann. Wir brauchen sicheren Raum, um da zu sein, uns zu entfalten. Diese Bed\u00fcrfnisse bleiben bestehen.&nbsp;<strong>Selbst Begegnungs Prozesse \u2013 IoPT&nbsp;<\/strong>Wir arbeiten mit Praxis und Theorie der Identit\u00e4tsorientierten PsychoTraumaTherapie IoPT mit individuellen Selbstbegegnungsprozessen (Anliegenmethode), die von der Gruppe getragen werden und mit Kleinen Theorieeinheiten, die die Prozesse einbinden.&nbsp;<strong>Emotionale Gemeinschaftsbildung&nbsp;<\/strong>Wir f\u00fchlen uns wohl und lebendig, wenn wir Raum haben, da sein k\u00f6nnen, uns zeigen k\u00f6nnen, wenn wir gesehen, geh\u00f6rt, gef\u00fchlt werden Mitgef\u00fchl sp\u00fcren, in Kontakt kommen. Das gibt Sicherheit, l\u00e4\u00dft Regulation und CoRegulation zu, Vertrauen kann entstehen, Verbundenheit. Die Gruppe ist als&nbsp;<strong>GESCHLOSSENE GRUPPE&nbsp;<\/strong>geplant, die sich \u00fcber einen festgelegten Zeitraum regelm\u00e4\u00dfig + verbindlich trifft. Gemeinsam gestalten wir einen sicheren Rahmen f\u00fcr Forschungs-, Entfaltungs-, Entwicklungsprozesse.<\/p>\n\n\n\n<p>Mit dem&nbsp;<strong>Ehrlichen Mitteilen (EM)&nbsp;<\/strong>nach Norbert Gopal Klein und dem&nbsp;<strong>Loop of Common Sense (LCS)&nbsp;<\/strong>nach Daniel auf der Mauer werden wir die SelbstBegegnungsProzesse einbinden und unterst\u00fctzen.<\/p>\n\n\n\n<p>Wir leiten EM und&nbsp;<strong>LCS&nbsp;<\/strong>so an, dass die Teilgebenden zwischen den gemeinsamen Treffen diese Methoden auch miteinander via Zoom praktizieren k\u00f6nnen.<\/p>\n\n\n\n<p><strong>Leitung: Christina Sch\u00f6n &amp; Birgit Kretzschmar 4 x Samstags, September-Dezember 14.9., 12.10. , 02.11. und am 14.12.24 jeweils : 10.00 \u2013 18.00 Uhr, Praxis 55270 Essenheim<\/strong><\/p>\n\n\n\n<p><strong>Kosten: 440,00 \u20ac&nbsp;<\/strong><strong>Weitere Informationen und Anmeldung:&nbsp;<\/strong>Christina Sch\u00f6n: Email: christina.schoen@posteo.de, www.christina-schoen.de Birgit Kretzschmar:Email: birgit@kretzschmar-wiesbaden.de, www.birgit-kretzschmar.de&nbsp;<\/p>\n","protected":false},"excerpt":{"rendered":"<p>Termine Identit\u00e4tsorientierte Psycho-Traumatherapie IoPT Selbstbegegnungen mit der Anliegenmethode am Samstag, den 31.08.24&nbsp;von 11.00 -17.00 Uhr (Offene Gruppe) 0rt: Psychotherapeutische Praxis, Nussbaumstr. 5, 65187 Wiesbaden Die Gruppe bietet f\u00fcr drei bis vier Personen die M\u00f6glichkeit einer Selbstbegegnung\/ Aufstellung zu einer bestimmten Frage, einem Anliegen. Die anderen TeilnehmerInnen stellen sich als ResonanzgeberInnen zur Verf\u00fcgung oder bleiben BeobachterInnen. [&hellip;]<\/p>\n","protected":false},"author":1,"featured_media":0,"parent":0,"menu_order":6,"comment_status":"closed","ping_status":"closed","template":"","meta":{"footnotes":""},"class_list":["post-19","page","type-page","status-publish","hentry"],"_links":{"self":[{"href":"http:\/\/birgit-kretzschmar.de\/index.php?rest_route=\/wp\/v2\/pages\/19","targetHints":{"allow":["GET"]}}],"collection":[{"href":"http:\/\/birgit-kretzschmar.de\/index.php?rest_route=\/wp\/v2\/pages"}],"about":[{"href":"http:\/\/birgit-kretzschmar.de\/index.php?rest_route=\/wp\/v2\/types\/page"}],"author":[{"embeddable":true,"href":"http:\/\/birgit-kretzschmar.de\/index.php?rest_route=\/wp\/v2\/users\/1"}],"replies":[{"embeddable":true,"href":"http:\/\/birgit-kretzschmar.de\/index.php?rest_route=%2Fwp%2Fv2%2Fcomments&post=19"}],"version-history":[{"count":4,"href":"http:\/\/birgit-kretzschmar.de\/index.php?rest_route=\/wp\/v2\/pages\/19\/revisions"}],"predecessor-version":[{"id":179,"href":"http:\/\/birgit-kretzschmar.de\/index.php?rest_route=\/wp\/v2\/pages\/19\/revisions\/179"}],"wp:attachment":[{"href":"http:\/\/birgit-kretzschmar.de\/index.php?rest_route=%2Fwp%2Fv2%2Fmedia&parent=19"}],"curies":[{"name":"wp","href":"https:\/\/api.w.org\/{rel}","templated":true}]}}